
{"id":13,"date":"2020-09-20T19:44:45","date_gmt":"2020-09-20T19:44:45","guid":{"rendered":"https:\/\/pragesthetic.de\/?page_id=13"},"modified":"2023-05-16T09:43:56","modified_gmt":"2023-05-16T09:43:56","slug":"prague-esthetic","status":"publish","type":"page","link":"https:\/\/pragesthetic.de\/","title":{"rendered":"Prague Esthetic"},"content":{"rendered":"","protected":false},"excerpt":{"rendered":"","protected":false},"author":1,"featured_media":0,"parent":0,"menu_order":0,"comment_status":"closed","ping_status":"closed","template":"_homepage.php","meta":{"inline_featured_image":false,"footnotes":""},"class_list":["post-13","page","type-page","status-publish","hentry"],"acf":[],"yoast_head":"<!-- This site is optimized with the Yoast SEO plugin v20.1 - https:\/\/yoast.com\/wordpress\/plugins\/seo\/ -->\n<title>Prag Esthetic - Es ist Zeit, den Vor-Mutter-K\u00f6rper zur\u00fcckzubekommen!<\/title>\n<meta name=\"description\" content=\"Ihr Traumk\u00f6rper erwartet Sie. Stellen Sie Ihr Selbstvertrauen von vor der Schwangerschaft mit Mommy Makeover, Brustchirurgie und Bauchstraffung wieder her.\" \/>\n<meta name=\"robots\" content=\"index, follow, max-snippet:-1, max-image-preview:large, max-video-preview:-1\" \/>\n<link rel=\"canonical\" href=\"https:\/\/pragesthetic.de\/\" \/>\n<meta property=\"og:locale\" content=\"de_DE\" \/>\n<meta property=\"og:type\" content=\"article\" \/>\n<meta property=\"og:title\" content=\"Prag Esthetic - Es ist Zeit, den Vor-Mutter-K\u00f6rper zur\u00fcckzubekommen!\" \/>\n<meta property=\"og:description\" content=\"Ihr Traumk\u00f6rper erwartet Sie. Stellen Sie Ihr Selbstvertrauen von vor der Schwangerschaft mit Mommy Makeover, Brustchirurgie und Bauchstraffung wieder her.\" \/>\n<meta property=\"og:url\" content=\"https:\/\/pragesthetic.de\/\" \/>\n<meta property=\"og:site_name\" content=\"Prague Esthetic\" \/>\n<meta property=\"article:modified_time\" content=\"2023-05-16T09:43:56+00:00\" \/>\n<meta name=\"twitter:card\" content=\"summary_large_image\" \/>\n<script type=\"application\/ld+json\" class=\"yoast-schema-graph\">{\"@context\":\"https:\/\/schema.org\",\"@graph\":[{\"@type\":\"WebPage\",\"@id\":\"https:\/\/pragesthetic.de\/\",\"url\":\"https:\/\/pragesthetic.de\/\",\"name\":\"Prag Esthetic - Es ist Zeit, den Vor-Mutter-K\u00f6rper zur\u00fcckzubekommen!\",\"isPartOf\":{\"@id\":\"https:\/\/pragesthetic.de\/#website\"},\"datePublished\":\"2020-09-20T19:44:45+00:00\",\"dateModified\":\"2023-05-16T09:43:56+00:00\",\"description\":\"Ihr Traumk\u00f6rper erwartet Sie. Stellen Sie Ihr Selbstvertrauen von vor der Schwangerschaft mit Mommy Makeover, Brustchirurgie und Bauchstraffung wieder her.\",\"breadcrumb\":{\"@id\":\"https:\/\/pragesthetic.de\/#breadcrumb\"},\"inLanguage\":\"de\",\"potentialAction\":[{\"@type\":\"ReadAction\",\"target\":[\"https:\/\/pragesthetic.de\/\"]}]},{\"@type\":\"BreadcrumbList\",\"@id\":\"https:\/\/pragesthetic.de\/#breadcrumb\",\"itemListElement\":[{\"@type\":\"ListItem\",\"position\":1,\"name\":\"Home\",\"item\":\"https:\/\/pragesthetic.de\/\"},{\"@type\":\"ListItem\",\"position\":2,\"name\":\"Prague Esthetic\"}]},{\"@type\":\"WebSite\",\"@id\":\"https:\/\/pragesthetic.de\/#website\",\"url\":\"https:\/\/pragesthetic.de\/\",\"name\":\"Prague Esthetic\",\"description\":\"\",\"publisher\":{\"@id\":\"https:\/\/pragesthetic.de\/#organization\"},\"potentialAction\":[{\"@type\":\"SearchAction\",\"target\":{\"@type\":\"EntryPoint\",\"urlTemplate\":\"https:\/\/pragesthetic.de\/?s={search_term_string}\"},\"query-input\":\"required name=search_term_string\"}],\"inLanguage\":\"de\"},{\"@type\":\"Organization\",\"@id\":\"https:\/\/pragesthetic.de\/#organization\",\"name\":\"Prague Medical Institute\",\"url\":\"https:\/\/pragesthetic.de\/\",\"logo\":{\"@type\":\"ImageObject\",\"inLanguage\":\"de\",\"@id\":\"https:\/\/pragesthetic.de\/#\/schema\/logo\/image\/\",\"url\":\"https:\/\/pragesthetic.de\/wp-content\/uploads\/2021\/05\/logo-de.svg\",\"contentUrl\":\"https:\/\/pragesthetic.de\/wp-content\/uploads\/2021\/05\/logo-de.svg\",\"width\":222,\"height\":73,\"caption\":\"Prague Medical Institute\"},\"image\":{\"@id\":\"https:\/\/pragesthetic.de\/#\/schema\/logo\/image\/\"},\"sameAs\":[\"https:\/\/www.instagram.com\/prague_esthetic\/\"]}]}<\/script>\n<!-- \/ Yoast SEO plugin. -->","yoast_head_json":{"title":"Prag Esthetic - Es ist Zeit, den Vor-Mutter-K\u00f6rper zur\u00fcckzubekommen!","description":"Ihr Traumk\u00f6rper erwartet Sie. Stellen Sie Ihr Selbstvertrauen von vor der Schwangerschaft mit Mommy Makeover, Brustchirurgie und Bauchstraffung wieder her.","robots":{"index":"index","follow":"follow","max-snippet":"max-snippet:-1","max-image-preview":"max-image-preview:large","max-video-preview":"max-video-preview:-1"},"canonical":"https:\/\/pragesthetic.de\/","og_locale":"de_DE","og_type":"article","og_title":"Prag Esthetic - Es ist Zeit, den Vor-Mutter-K\u00f6rper zur\u00fcckzubekommen!","og_description":"Ihr Traumk\u00f6rper erwartet Sie. Stellen Sie Ihr Selbstvertrauen von vor der Schwangerschaft mit Mommy Makeover, Brustchirurgie und Bauchstraffung wieder her.","og_url":"https:\/\/pragesthetic.de\/","og_site_name":"Prague Esthetic","article_modified_time":"2023-05-16T09:43:56+00:00","twitter_card":"summary_large_image","schema":{"@context":"https:\/\/schema.org","@graph":[{"@type":"WebPage","@id":"https:\/\/pragesthetic.de\/","url":"https:\/\/pragesthetic.de\/","name":"Prag Esthetic - Es ist Zeit, den Vor-Mutter-K\u00f6rper zur\u00fcckzubekommen!","isPartOf":{"@id":"https:\/\/pragesthetic.de\/#website"},"datePublished":"2020-09-20T19:44:45+00:00","dateModified":"2023-05-16T09:43:56+00:00","description":"Ihr Traumk\u00f6rper erwartet Sie. Stellen Sie Ihr Selbstvertrauen von vor der Schwangerschaft mit Mommy Makeover, Brustchirurgie und Bauchstraffung wieder her.","breadcrumb":{"@id":"https:\/\/pragesthetic.de\/#breadcrumb"},"inLanguage":"de","potentialAction":[{"@type":"ReadAction","target":["https:\/\/pragesthetic.de\/"]}]},{"@type":"BreadcrumbList","@id":"https:\/\/pragesthetic.de\/#breadcrumb","itemListElement":[{"@type":"ListItem","position":1,"name":"Home","item":"https:\/\/pragesthetic.de\/"},{"@type":"ListItem","position":2,"name":"Prague Esthetic"}]},{"@type":"WebSite","@id":"https:\/\/pragesthetic.de\/#website","url":"https:\/\/pragesthetic.de\/","name":"Prague Esthetic","description":"","publisher":{"@id":"https:\/\/pragesthetic.de\/#organization"},"potentialAction":[{"@type":"SearchAction","target":{"@type":"EntryPoint","urlTemplate":"https:\/\/pragesthetic.de\/?s={search_term_string}"},"query-input":"required name=search_term_string"}],"inLanguage":"de"},{"@type":"Organization","@id":"https:\/\/pragesthetic.de\/#organization","name":"Prague Medical Institute","url":"https:\/\/pragesthetic.de\/","logo":{"@type":"ImageObject","inLanguage":"de","@id":"https:\/\/pragesthetic.de\/#\/schema\/logo\/image\/","url":"https:\/\/pragesthetic.de\/wp-content\/uploads\/2021\/05\/logo-de.svg","contentUrl":"https:\/\/pragesthetic.de\/wp-content\/uploads\/2021\/05\/logo-de.svg","width":222,"height":73,"caption":"Prague Medical Institute"},"image":{"@id":"https:\/\/pragesthetic.de\/#\/schema\/logo\/image\/"},"sameAs":["https:\/\/www.instagram.com\/prague_esthetic\/"]}]}},"_links":{"self":[{"href":"https:\/\/pragesthetic.de\/index.php?rest_route=\/wp\/v2\/pages\/13","targetHints":{"allow":["GET"]}}],"collection":[{"href":"https:\/\/pragesthetic.de\/index.php?rest_route=\/wp\/v2\/pages"}],"about":[{"href":"https:\/\/pragesthetic.de\/index.php?rest_route=\/wp\/v2\/types\/page"}],"author":[{"embeddable":true,"href":"https:\/\/pragesthetic.de\/index.php?rest_route=\/wp\/v2\/users\/1"}],"replies":[{"embeddable":true,"href":"https:\/\/pragesthetic.de\/index.php?rest_route=%2Fwp%2Fv2%2Fcomments&post=13"}],"version-history":[{"count":81,"href":"https:\/\/pragesthetic.de\/index.php?rest_route=\/wp\/v2\/pages\/13\/revisions"}],"predecessor-version":[{"id":411,"href":"https:\/\/pragesthetic.de\/index.php?rest_route=\/wp\/v2\/pages\/13\/revisions\/411"}],"wp:attachment":[{"href":"https:\/\/pragesthetic.de\/index.php?rest_route=%2Fwp%2Fv2%2Fmedia&parent=13"}],"curies":[{"name":"wp","href":"https:\/\/api.w.org\/{rel}","templated":true}]}}